{"id":384,"date":"2021-12-28T12:08:43","date_gmt":"2021-12-28T12:08:43","guid":{"rendered":"https:\/\/fiore.vamtam.com\/?page_id=384"},"modified":"2025-05-28T19:29:40","modified_gmt":"2025-05-29T00:29:40","slug":"contact-us","status":"publish","type":"page","link":"https:\/\/highconnectionec.com\/en\/contact-us\/","title":{"rendered":"Contact"},"content":{"rendered":"<div data-elementor-type=\"wp-page\" data-elementor-id=\"384\" class=\"elementor elementor-384\" data-elementor-post-type=\"page\">\n\t\t\t\t\t\t<section class=\"elementor-section elementor-top-section elementor-element elementor-element-bb324c8 elementor-section-height-min-height elementor-section-items-stretch elementor-section-content-bottom elementor-section-boxed elementor-section-height-default\" data-id=\"bb324c8\" data-element_type=\"section\" data-settings=\"{&quot;background_background&quot;:&quot;classic&quot;}\">\n\t\t\t\t\t\t<div class=\"elementor-container elementor-column-gap-no\">\n\t\t\t\t\t<div class=\"elementor-column elementor-col-100 elementor-top-column elementor-element elementor-element-e28b18d\" data-id=\"e28b18d\" data-element_type=\"column\">\n\t\t\t<div class=\"elementor-widget-wrap\">\n\t\t\t\t\t\t\t<\/div>\n\t\t<\/div>\n\t\t\t\t\t<\/div>\n\t\t<\/section>\n\t\t\t\t<section class=\"elementor-section elementor-top-section elementor-element elementor-element-a08bc9c elementor-section-boxed elementor-section-height-default elementor-section-height-default\" data-id=\"a08bc9c\" data-element_type=\"section\">\n\t\t\t\t\t\t<div class=\"elementor-container elementor-column-gap-no\">\n\t\t\t\t\t<div class=\"elementor-column elementor-col-100 elementor-top-column elementor-element elementor-element-1ee16d9\" data-id=\"1ee16d9\" data-element_type=\"column\">\n\t\t\t<div class=\"elementor-widget-wrap elementor-element-populated\">\n\t\t\t\t\t\t<div class=\"elementor-element elementor-element-726caf9 elementor-invisible elementor-widget elementor-widget-heading\" data-id=\"726caf9\" data-element_type=\"widget\" data-settings=\"{&quot;_animation&quot;:&quot;fadeInUp&quot;,&quot;_animation_tablet&quot;:&quot;none&quot;}\" data-widget_type=\"heading.default\">\n\t\t\t\t<div class=\"elementor-widget-container\">\n\t\t\t\t\t<h2 class=\"elementor-heading-title elementor-size-default\">Contact us at<\/h2>\t\t\t\t<\/div>\n\t\t\t\t<\/div>\n\t\t\t\t<div class=\"vamtam-has-theme-widget-styles elementor-element elementor-element-2104ec9 elementor-widget elementor-widget-text-editor\" data-id=\"2104ec9\" data-element_type=\"widget\" data-widget_type=\"text-editor.default\">\n\t\t\t\t<div class=\"elementor-widget-container\">\n\t\t\t\t\t\t\t\t\t<p>If you are interested in purchasing our roses, please fill out the contact form here. A member of our team will contact you and put you in touch with one of our distributors.<\/p>\t\t\t\t\t\t\t\t<\/div>\n\t\t\t\t<\/div>\n\t\t\t\t\t<\/div>\n\t\t<\/div>\n\t\t\t\t\t<\/div>\n\t\t<\/section>\n\t\t\t\t<section class=\"elementor-section elementor-top-section elementor-element elementor-element-90fe0d0 elementor-section-boxed elementor-section-height-default elementor-section-height-default\" data-id=\"90fe0d0\" data-element_type=\"section\">\n\t\t\t\t\t\t<div class=\"elementor-container elementor-column-gap-no\">\n\t\t\t\t\t<div class=\"elementor-column elementor-col-50 elementor-top-column elementor-element elementor-element-30f8f92\" data-id=\"30f8f92\" data-element_type=\"column\">\n\t\t\t<div class=\"elementor-widget-wrap elementor-element-populated\">\n\t\t\t\t\t\t<div class=\"vamtam-has-theme-widget-styles elementor-element elementor-element-58d5914 elementor-widget__width-auto elementor-widget elementor-widget-text-editor\" data-id=\"58d5914\" data-element_type=\"widget\" data-widget_type=\"text-editor.default\">\n\t\t\t\t<div class=\"elementor-widget-container\">\n\t\t\t\t\t\t\t\t\t<p>Call:<\/p>\t\t\t\t\t\t\t\t<\/div>\n\t\t\t\t<\/div>\n\t\t\t\t<div class=\"vamtam-has-theme-widget-styles elementor-element elementor-element-26f2fa8 elementor-widget__width-auto elementor-widget elementor-widget-text-editor\" data-id=\"26f2fa8\" data-element_type=\"widget\" data-widget_type=\"text-editor.default\">\n\t\t\t\t<div class=\"elementor-widget-container\">\n\t\t\t\t\t\t\t\t\t<p>+593 987 800 238<\/p>\t\t\t\t\t\t\t\t<\/div>\n\t\t\t\t<\/div>\n\t\t\t\t\t<\/div>\n\t\t<\/div>\n\t\t\t\t<div class=\"elementor-column elementor-col-50 elementor-top-column elementor-element elementor-element-034dbd4\" data-id=\"034dbd4\" data-element_type=\"column\">\n\t\t\t<div class=\"elementor-widget-wrap elementor-element-populated\">\n\t\t\t\t\t\t<div class=\"vamtam-has-theme-widget-styles elementor-element elementor-element-2d38a94 elementor-widget__width-auto elementor-widget elementor-widget-text-editor\" data-id=\"2d38a94\" data-element_type=\"widget\" data-widget_type=\"text-editor.default\">\n\t\t\t\t<div class=\"elementor-widget-container\">\n\t\t\t\t\t\t\t\t\t<p>Send us an email<\/p>\t\t\t\t\t\t\t\t<\/div>\n\t\t\t\t<\/div>\n\t\t\t\t<div class=\"vamtam-has-theme-widget-styles elementor-element elementor-element-16f057e elementor-widget__width-auto elementor-widget elementor-widget-text-editor\" data-id=\"16f057e\" data-element_type=\"widget\" data-widget_type=\"text-editor.default\">\n\t\t\t\t<div class=\"elementor-widget-container\">\n\t\t\t\t\t\t\t\t\t<p><a href=\"mailto:sales@highconnectionec.com\"><span style=\"font-weight: 400;\">sales@highconnectionec.com<\/span><\/a><\/p>\t\t\t\t\t\t\t\t<\/div>\n\t\t\t\t<\/div>\n\t\t\t\t\t<\/div>\n\t\t<\/div>\n\t\t\t\t\t<\/div>\n\t\t<\/section>\n\t\t\t\t<section class=\"elementor-section elementor-top-section elementor-element elementor-element-4e6f21d elementor-section-boxed elementor-section-height-default elementor-section-height-default\" data-id=\"4e6f21d\" data-element_type=\"section\">\n\t\t\t\t\t\t<div class=\"elementor-container elementor-column-gap-no\">\n\t\t\t\t\t<div class=\"elementor-column elementor-col-100 elementor-top-column elementor-element elementor-element-641481d\" data-id=\"641481d\" data-element_type=\"column\">\n\t\t\t<div class=\"elementor-widget-wrap elementor-element-populated\">\n\t\t\t\t\t\t<div class=\"vamtam-has-theme-widget-styles elementor-element elementor-element-2e490d6 elementor-button-align-stretch elementor-widget elementor-widget-form\" data-id=\"2e490d6\" data-element_type=\"widget\" data-settings=\"{&quot;step_next_label&quot;:&quot;Next&quot;,&quot;step_previous_label&quot;:&quot;Previous&quot;,&quot;button_width&quot;:&quot;100&quot;,&quot;step_type&quot;:&quot;number_text&quot;,&quot;step_icon_shape&quot;:&quot;circle&quot;}\" data-widget_type=\"form.default\">\n\t\t\t\t<div class=\"elementor-widget-container\">\n\t\t\t\t\t\t\t<form class=\"elementor-form\" method=\"post\" name=\"New Form\" action=\"\">\n\t\t\t<input type=\"hidden\" name=\"post_id\" value=\"384\"\/>\n\t\t\t<input type=\"hidden\" name=\"form_id\" value=\"2e490d6\"\/>\n\t\t\t<input type=\"hidden\" name=\"referer_title\" value=\"High Connection\" \/>\n\n\t\t\t\n\t\t\t<div class=\"elementor-form-fields-wrapper elementor-labels-above\">\n\t\t\t\t\t\t\t\t<div class=\"elementor-field-type-text elementor-field-group elementor-column elementor-field-group-name elementor-col-100 elementor-field-required\">\n\t\t\t\t\t\t\t\t\t\t\t\t\t<input size=\"1\" type=\"text\" name=\"form_fields[name]\" id=\"form-field-name\" class=\"elementor-field elementor-size-md  elementor-field-textual\" placeholder=\"Name\" required=\"required\">\n\t\t\t\t\t\t\t\t\t\t\t<\/div>\n\t\t\t\t\t\t\t\t<div class=\"elementor-field-type-text elementor-field-group elementor-column elementor-field-group-field_73e5eb0 elementor-col-100 elementor-field-required\">\n\t\t\t\t\t\t\t\t\t\t\t\t\t<input size=\"1\" type=\"text\" name=\"form_fields[field_73e5eb0]\" id=\"form-field-field_73e5eb0\" class=\"elementor-field elementor-size-md  elementor-field-textual\" placeholder=\"Last name\" required=\"required\">\n\t\t\t\t\t\t\t\t\t\t\t<\/div>\n\t\t\t\t\t\t\t\t<div class=\"elementor-field-type-email elementor-field-group elementor-column elementor-field-group-email elementor-col-100 elementor-field-required\">\n\t\t\t\t\t\t\t\t\t\t\t\t\t<input size=\"1\" type=\"email\" name=\"form_fields[email]\" id=\"form-field-email\" class=\"elementor-field elementor-size-md  elementor-field-textual\" placeholder=\"Email\" required=\"required\">\n\t\t\t\t\t\t\t\t\t\t\t<\/div>\n\t\t\t\t\t\t\t\t<div class=\"elementor-field-type-text elementor-field-group elementor-column elementor-field-group-field_68e0305 elementor-col-100 elementor-field-required\">\n\t\t\t\t\t\t\t\t\t\t\t\t\t<input size=\"1\" type=\"text\" name=\"form_fields[field_68e0305]\" id=\"form-field-field_68e0305\" class=\"elementor-field elementor-size-md  elementor-field-textual\" placeholder=\"I am located in\" required=\"required\">\n\t\t\t\t\t\t\t\t\t\t\t<\/div>\n\t\t\t\t\t\t\t\t<div class=\"elementor-field-type-tel elementor-field-group elementor-column elementor-field-group-field_69813e7 elementor-col-100 elementor-field-required\">\n\t\t\t\t\t\t\t<input size=\"1\" type=\"tel\" name=\"form_fields[field_69813e7]\" id=\"form-field-field_69813e7\" class=\"elementor-field elementor-size-md  elementor-field-textual\" placeholder=\"Telephone number\" required=\"required\" pattern=\"[0-9()#&amp;+*-=.]+\" title=\"Only numbers and phone characters (#, -, *, etc) are accepted.\">\n\n\t\t\t\t\t\t<\/div>\n\t\t\t\t\t\t\t\t<div class=\"elementor-field-type-textarea elementor-field-group elementor-column elementor-field-group-message elementor-col-100\">\n\t\t\t\t\t<textarea class=\"elementor-field-textual elementor-field  elementor-size-md\" name=\"form_fields[message]\" id=\"form-field-message\" rows=\"3\" placeholder=\"Your message\"><\/textarea>\t\t\t\t<\/div>\n\t\t\t\t\t\t\t\t<div class=\"elementor-field-group elementor-column elementor-field-type-submit elementor-col-100 e-form__buttons\">\n\t\t\t\t\t<button class=\"elementor-button elementor-size-sm\" type=\"submit\">\n\t\t\t\t\t\t<span class=\"elementor-button-content-wrapper\">\n\t\t\t\t\t\t\t\t\t\t\t\t\t\t\t\t\t\t\t\t\t\t<span class=\"elementor-button-text\">SEND<\/span>\n\t\t\t\t\t\t\t\t\t\t\t\t\t<\/span>\n\t\t\t\t\t<\/button>\n\t\t\t\t<\/div>\n\t\t\t<\/div>\n\t\t<input type=\"hidden\" name=\"trp-form-language\" value=\"en\"\/><\/form>\n\t\t\t\t\t\t<\/div>\n\t\t\t\t<\/div>\n\t\t\t\t\t<\/div>\n\t\t<\/div>\n\t\t\t\t\t<\/div>\n\t\t<\/section>\n\t\t\t\t<\/div>","protected":false},"excerpt":{"rendered":"<p>Contact us If you are interested in purchasing our roses, please fill out the contact form here. A member of our team will contact you and put you in touch with one of our distributors. Call: +593 987 800 238 Send us an email sales@highconnectionec.com<\/p>","protected":false},"author":1,"featured_media":10169,"parent":0,"menu_order":0,"comment_status":"closed","ping_status":"closed","template":"","meta":{"inline_featured_image":false,"footnotes":""},"class_list":["post-384","page","type-page","status-publish","has-post-thumbnail","hentry"],"yoast_head":"<!-- This site is optimized with the Yoast SEO plugin v24.6 - https:\/\/yoast.com\/wordpress\/plugins\/seo\/ -->\n<title>Contacto - High Connection<\/title>\n<meta name=\"robots\" content=\"index, follow, max-snippet:-1, max-image-preview:large, max-video-preview:-1\" \/>\n<link rel=\"canonical\" href=\"https:\/\/highconnectionec.com\/en\/contact-us\/\" \/>\n<meta property=\"og:locale\" content=\"en_US\" \/>\n<meta property=\"og:type\" content=\"article\" \/>\n<meta property=\"og:title\" content=\"Contacto - High Connection\" \/>\n<meta property=\"og:description\" content=\"Cont\u00e1ctanos Si est\u00e1s interesado en adquirir nuestras rosas, llena el formulario de contacto aqu\u00ed. Un miembro de nuestro equipo se comunicar\u00e1 contigo y te contactar\u00e1 con uno de nuestros distribuidores. Llamar: +593 987 800 238 Env\u00edanos un correo electr\u00f3nico sales@highconnectionec.com\" \/>\n<meta property=\"og:url\" content=\"https:\/\/highconnectionec.com\/en\/contact-us\/\" \/>\n<meta property=\"og:site_name\" content=\"High Connection\" \/>\n<meta property=\"article:modified_time\" content=\"2025-05-29T00:29:40+00:00\" \/>\n<meta property=\"og:image\" content=\"https:\/\/highconnectionec.com\/wp-content\/uploads\/2022\/03\/pexels-cottonbro-4270242.jpg\" \/>\n\t<meta property=\"og:image:width\" content=\"2016\" \/>\n\t<meta property=\"og:image:height\" content=\"812\" \/>\n\t<meta property=\"og:image:type\" content=\"image\/jpeg\" \/>\n<meta name=\"twitter:card\" content=\"summary_large_image\" \/>\n<meta name=\"twitter:label1\" content=\"Est. reading time\" \/>\n\t<meta name=\"twitter:data1\" content=\"1 minute\" \/>\n<script type=\"application\/ld+json\" class=\"yoast-schema-graph\">{\"@context\":\"https:\/\/schema.org\",\"@graph\":[{\"@type\":\"WebPage\",\"@id\":\"https:\/\/highconnectionec.com\/contact-us\/\",\"url\":\"https:\/\/highconnectionec.com\/contact-us\/\",\"name\":\"Contacto - High Connection\",\"isPartOf\":{\"@id\":\"https:\/\/highconnectionec.com\/#website\"},\"primaryImageOfPage\":{\"@id\":\"https:\/\/highconnectionec.com\/contact-us\/#primaryimage\"},\"image\":{\"@id\":\"https:\/\/highconnectionec.com\/contact-us\/#primaryimage\"},\"thumbnailUrl\":\"https:\/\/highconnectionec.com\/wp-content\/uploads\/2022\/03\/pexels-cottonbro-4270242.jpg\",\"datePublished\":\"2021-12-28T12:08:43+00:00\",\"dateModified\":\"2025-05-29T00:29:40+00:00\",\"breadcrumb\":{\"@id\":\"https:\/\/highconnectionec.com\/contact-us\/#breadcrumb\"},\"inLanguage\":\"en-US\",\"potentialAction\":[{\"@type\":\"ReadAction\",\"target\":[\"https:\/\/highconnectionec.com\/contact-us\/\"]}]},{\"@type\":\"ImageObject\",\"inLanguage\":\"en-US\",\"@id\":\"https:\/\/highconnectionec.com\/contact-us\/#primaryimage\",\"url\":\"https:\/\/highconnectionec.com\/wp-content\/uploads\/2022\/03\/pexels-cottonbro-4270242.jpg\",\"contentUrl\":\"https:\/\/highconnectionec.com\/wp-content\/uploads\/2022\/03\/pexels-cottonbro-4270242.jpg\",\"width\":2016,\"height\":812},{\"@type\":\"BreadcrumbList\",\"@id\":\"https:\/\/highconnectionec.com\/contact-us\/#breadcrumb\",\"itemListElement\":[{\"@type\":\"ListItem\",\"position\":1,\"name\":\"Portada\",\"item\":\"https:\/\/highconnectionec.com\/\"},{\"@type\":\"ListItem\",\"position\":2,\"name\":\"Contacto\"}]},{\"@type\":\"WebSite\",\"@id\":\"https:\/\/highconnectionec.com\/#website\",\"url\":\"https:\/\/highconnectionec.com\/\",\"name\":\"High Connection Flowers\",\"description\":\"\",\"publisher\":{\"@id\":\"https:\/\/highconnectionec.com\/#organization\"},\"potentialAction\":[{\"@type\":\"SearchAction\",\"target\":{\"@type\":\"EntryPoint\",\"urlTemplate\":\"https:\/\/highconnectionec.com\/?s={search_term_string}\"},\"query-input\":{\"@type\":\"PropertyValueSpecification\",\"valueRequired\":true,\"valueName\":\"search_term_string\"}}],\"inLanguage\":\"en-US\"},{\"@type\":\"Organization\",\"@id\":\"https:\/\/highconnectionec.com\/#organization\",\"name\":\"High Connection Flowers\",\"url\":\"https:\/\/highconnectionec.com\/\",\"logo\":{\"@type\":\"ImageObject\",\"inLanguage\":\"en-US\",\"@id\":\"https:\/\/highconnectionec.com\/#\/schema\/logo\/image\/\",\"url\":\"https:\/\/highconnectionec.com\/wp-content\/uploads\/2021\/12\/02_LOGO_COLOR_HCF.svg\",\"contentUrl\":\"https:\/\/highconnectionec.com\/wp-content\/uploads\/2021\/12\/02_LOGO_COLOR_HCF.svg\",\"width\":1169,\"height\":323,\"caption\":\"High Connection Flowers\"},\"image\":{\"@id\":\"https:\/\/highconnectionec.com\/#\/schema\/logo\/image\/\"}}]}<\/script>\n<!-- \/ Yoast SEO plugin. -->","yoast_head_json":{"title":"Contacto - High Connection","robots":{"index":"index","follow":"follow","max-snippet":"max-snippet:-1","max-image-preview":"max-image-preview:large","max-video-preview":"max-video-preview:-1"},"canonical":"https:\/\/highconnectionec.com\/en\/contact-us\/","og_locale":"en_US","og_type":"article","og_title":"Contacto - High Connection","og_description":"Cont\u00e1ctanos Si est\u00e1s interesado en adquirir nuestras rosas, llena el formulario de contacto aqu\u00ed. Un miembro de nuestro equipo se comunicar\u00e1 contigo y te contactar\u00e1 con uno de nuestros distribuidores. Llamar: +593 987 800 238 Env\u00edanos un correo electr\u00f3nico sales@highconnectionec.com","og_url":"https:\/\/highconnectionec.com\/en\/contact-us\/","og_site_name":"High Connection","article_modified_time":"2025-05-29T00:29:40+00:00","og_image":[{"width":2016,"height":812,"url":"https:\/\/highconnectionec.com\/wp-content\/uploads\/2022\/03\/pexels-cottonbro-4270242.jpg","type":"image\/jpeg"}],"twitter_card":"summary_large_image","twitter_misc":{"Est. reading time":"1 minute"},"schema":{"@context":"https:\/\/schema.org","@graph":[{"@type":"WebPage","@id":"https:\/\/highconnectionec.com\/contact-us\/","url":"https:\/\/highconnectionec.com\/contact-us\/","name":"Contacto - High Connection","isPartOf":{"@id":"https:\/\/highconnectionec.com\/#website"},"primaryImageOfPage":{"@id":"https:\/\/highconnectionec.com\/contact-us\/#primaryimage"},"image":{"@id":"https:\/\/highconnectionec.com\/contact-us\/#primaryimage"},"thumbnailUrl":"https:\/\/highconnectionec.com\/wp-content\/uploads\/2022\/03\/pexels-cottonbro-4270242.jpg","datePublished":"2021-12-28T12:08:43+00:00","dateModified":"2025-05-29T00:29:40+00:00","breadcrumb":{"@id":"https:\/\/highconnectionec.com\/contact-us\/#breadcrumb"},"inLanguage":"en-US","potentialAction":[{"@type":"ReadAction","target":["https:\/\/highconnectionec.com\/contact-us\/"]}]},{"@type":"ImageObject","inLanguage":"en-US","@id":"https:\/\/highconnectionec.com\/contact-us\/#primaryimage","url":"https:\/\/highconnectionec.com\/wp-content\/uploads\/2022\/03\/pexels-cottonbro-4270242.jpg","contentUrl":"https:\/\/highconnectionec.com\/wp-content\/uploads\/2022\/03\/pexels-cottonbro-4270242.jpg","width":2016,"height":812},{"@type":"BreadcrumbList","@id":"https:\/\/highconnectionec.com\/contact-us\/#breadcrumb","itemListElement":[{"@type":"ListItem","position":1,"name":"Portada","item":"https:\/\/highconnectionec.com\/"},{"@type":"ListItem","position":2,"name":"Contacto"}]},{"@type":"WebSite","@id":"https:\/\/highconnectionec.com\/#website","url":"https:\/\/highconnectionec.com\/","name":"High Connection Flowers","description":"","publisher":{"@id":"https:\/\/highconnectionec.com\/#organization"},"potentialAction":[{"@type":"SearchAction","target":{"@type":"EntryPoint","urlTemplate":"https:\/\/highconnectionec.com\/?s={search_term_string}"},"query-input":{"@type":"PropertyValueSpecification","valueRequired":true,"valueName":"search_term_string"}}],"inLanguage":"en-US"},{"@type":"Organization","@id":"https:\/\/highconnectionec.com\/#organization","name":"High Connection Flowers","url":"https:\/\/highconnectionec.com\/","logo":{"@type":"ImageObject","inLanguage":"en-US","@id":"https:\/\/highconnectionec.com\/#\/schema\/logo\/image\/","url":"https:\/\/highconnectionec.com\/wp-content\/uploads\/2021\/12\/02_LOGO_COLOR_HCF.svg","contentUrl":"https:\/\/highconnectionec.com\/wp-content\/uploads\/2021\/12\/02_LOGO_COLOR_HCF.svg","width":1169,"height":323,"caption":"High Connection Flowers"},"image":{"@id":"https:\/\/highconnectionec.com\/#\/schema\/logo\/image\/"}}]}},"_links":{"self":[{"href":"https:\/\/highconnectionec.com\/en\/wp-json\/wp\/v2\/pages\/384","targetHints":{"allow":["GET"]}}],"collection":[{"href":"https:\/\/highconnectionec.com\/en\/wp-json\/wp\/v2\/pages"}],"about":[{"href":"https:\/\/highconnectionec.com\/en\/wp-json\/wp\/v2\/types\/page"}],"author":[{"embeddable":true,"href":"https:\/\/highconnectionec.com\/en\/wp-json\/wp\/v2\/users\/1"}],"replies":[{"embeddable":true,"href":"https:\/\/highconnectionec.com\/en\/wp-json\/wp\/v2\/comments?post=384"}],"version-history":[{"count":23,"href":"https:\/\/highconnectionec.com\/en\/wp-json\/wp\/v2\/pages\/384\/revisions"}],"predecessor-version":[{"id":1004320,"href":"https:\/\/highconnectionec.com\/en\/wp-json\/wp\/v2\/pages\/384\/revisions\/1004320"}],"wp:featuredmedia":[{"embeddable":true,"href":"https:\/\/highconnectionec.com\/en\/wp-json\/wp\/v2\/media\/10169"}],"wp:attachment":[{"href":"https:\/\/highconnectionec.com\/en\/wp-json\/wp\/v2\/media?parent=384"}],"curies":[{"name":"wp","href":"https:\/\/api.w.org\/{rel}","templated":true}]}}