{"id":1003421,"date":"2025-02-04T21:51:30","date_gmt":"2025-02-05T02:51:30","guid":{"rendered":"https:\/\/highconnectionec.com\/producto\/3d-rose\/"},"modified":"2025-06-10T19:30:21","modified_gmt":"2025-06-11T00:30:21","slug":"3d-rose","status":"publish","type":"product","link":"https:\/\/highconnectionec.com\/en\/product\/3d-rose\/","title":{"rendered":"3D Rose"},"content":{"rendered":"","protected":false},"excerpt":{"rendered":"<p><span style=\"font-weight: 400;\">All bicolors have two shades that resemble each other, they are clones of some Lavender varieties.  The 3D is a clone of an old variety, it has a large bud, long stems, large foliage and its production process is laborious to reach its coloration.\u00a0<\/span><\/p>","protected":false},"featured_media":1003419,"comment_status":"closed","ping_status":"closed","template":"","meta":{"inline_featured_image":false},"product_brand":[],"product_cat":[210,41,216],"product_tag":[],"class_list":{"0":"post-1003421","1":"product","2":"type-product","3":"status-publish","4":"has-post-thumbnail","6":"product_cat-bodas","7":"product_cat-flowers","8":"product_cat-valentin","9":"pa_color-bicolor","11":"first","12":"instock","13":"shipping-taxable","14":"purchasable","15":"product-type-simple"},"yoast_head":"<!-- This site is optimized with the Yoast SEO plugin v24.6 - https:\/\/yoast.com\/wordpress\/plugins\/seo\/ -->\n<title>3D Rose - High Connection<\/title>\n<meta name=\"robots\" content=\"index, follow, max-snippet:-1, max-image-preview:large, max-video-preview:-1\" \/>\n<link rel=\"canonical\" href=\"https:\/\/highconnectionec.com\/en\/product\/3d-rose\/\" \/>\n<meta property=\"og:locale\" content=\"en_US\" \/>\n<meta property=\"og:type\" content=\"article\" \/>\n<meta property=\"og:title\" content=\"3D Rose - High Connection\" \/>\n<meta property=\"og:description\" content=\"Todos los bicolores tienen dos tonalidades que se asemejan, son clonaciones de algunas variedades Lavender.\u00a0 La 3D es una es una clonaci\u00f3n de una variedad antigua, tiene un bot\u00f3n grande, tallos largos, follaje grande y su proceso de producci\u00f3n es laborioso para llegar a su coloraci\u00f3n.\u00a0\" \/>\n<meta property=\"og:url\" content=\"https:\/\/highconnectionec.com\/en\/product\/3d-rose\/\" \/>\n<meta property=\"og:site_name\" content=\"High Connection\" \/>\n<meta property=\"article:modified_time\" content=\"2025-06-11T00:30:21+00:00\" \/>\n<meta property=\"og:image\" content=\"https:\/\/highconnectionec.com\/wp-content\/uploads\/2025\/02\/60C_3D-ROSE_HCF.jpg\" \/>\n\t<meta property=\"og:image:width\" content=\"1120\" \/>\n\t<meta property=\"og:image:height\" content=\"1120\" \/>\n\t<meta property=\"og:image:type\" content=\"image\/jpeg\" \/>\n<meta name=\"twitter:card\" content=\"summary_large_image\" \/>\n<meta name=\"twitter:label1\" content=\"Est. reading time\" \/>\n\t<meta name=\"twitter:data1\" content=\"1 minute\" \/>\n<script type=\"application\/ld+json\" class=\"yoast-schema-graph\">{\"@context\":\"https:\/\/schema.org\",\"@graph\":[{\"@type\":\"WebPage\",\"@id\":\"https:\/\/highconnectionec.com\/producto\/3d-rose\/\",\"url\":\"https:\/\/highconnectionec.com\/producto\/3d-rose\/\",\"name\":\"3D Rose - High Connection\",\"isPartOf\":{\"@id\":\"https:\/\/highconnectionec.com\/#website\"},\"primaryImageOfPage\":{\"@id\":\"https:\/\/highconnectionec.com\/producto\/3d-rose\/#primaryimage\"},\"image\":{\"@id\":\"https:\/\/highconnectionec.com\/producto\/3d-rose\/#primaryimage\"},\"thumbnailUrl\":\"https:\/\/highconnectionec.com\/wp-content\/uploads\/2025\/02\/60C_3D-ROSE_HCF.jpg\",\"datePublished\":\"2025-02-05T02:51:30+00:00\",\"dateModified\":\"2025-06-11T00:30:21+00:00\",\"breadcrumb\":{\"@id\":\"https:\/\/highconnectionec.com\/producto\/3d-rose\/#breadcrumb\"},\"inLanguage\":\"en-US\",\"potentialAction\":[{\"@type\":\"ReadAction\",\"target\":[\"https:\/\/highconnectionec.com\/producto\/3d-rose\/\"]}]},{\"@type\":\"ImageObject\",\"inLanguage\":\"en-US\",\"@id\":\"https:\/\/highconnectionec.com\/producto\/3d-rose\/#primaryimage\",\"url\":\"https:\/\/highconnectionec.com\/wp-content\/uploads\/2025\/02\/60C_3D-ROSE_HCF.jpg\",\"contentUrl\":\"https:\/\/highconnectionec.com\/wp-content\/uploads\/2025\/02\/60C_3D-ROSE_HCF.jpg\",\"width\":1120,\"height\":1120},{\"@type\":\"BreadcrumbList\",\"@id\":\"https:\/\/highconnectionec.com\/producto\/3d-rose\/#breadcrumb\",\"itemListElement\":[{\"@type\":\"ListItem\",\"position\":1,\"name\":\"Portada\",\"item\":\"https:\/\/highconnectionec.com\/\"},{\"@type\":\"ListItem\",\"position\":2,\"name\":\"Shop\",\"item\":\"https:\/\/highconnectionec.com\/shop\/\"},{\"@type\":\"ListItem\",\"position\":3,\"name\":\"3D Rose\"}]},{\"@type\":\"WebSite\",\"@id\":\"https:\/\/highconnectionec.com\/#website\",\"url\":\"https:\/\/highconnectionec.com\/\",\"name\":\"High Connection Flowers\",\"description\":\"\",\"publisher\":{\"@id\":\"https:\/\/highconnectionec.com\/#organization\"},\"potentialAction\":[{\"@type\":\"SearchAction\",\"target\":{\"@type\":\"EntryPoint\",\"urlTemplate\":\"https:\/\/highconnectionec.com\/?s={search_term_string}\"},\"query-input\":{\"@type\":\"PropertyValueSpecification\",\"valueRequired\":true,\"valueName\":\"search_term_string\"}}],\"inLanguage\":\"en-US\"},{\"@type\":\"Organization\",\"@id\":\"https:\/\/highconnectionec.com\/#organization\",\"name\":\"High Connection Flowers\",\"url\":\"https:\/\/highconnectionec.com\/\",\"logo\":{\"@type\":\"ImageObject\",\"inLanguage\":\"en-US\",\"@id\":\"https:\/\/highconnectionec.com\/#\/schema\/logo\/image\/\",\"url\":\"https:\/\/highconnectionec.com\/wp-content\/uploads\/2021\/12\/02_LOGO_COLOR_HCF.svg\",\"contentUrl\":\"https:\/\/highconnectionec.com\/wp-content\/uploads\/2021\/12\/02_LOGO_COLOR_HCF.svg\",\"width\":1169,\"height\":323,\"caption\":\"High Connection Flowers\"},\"image\":{\"@id\":\"https:\/\/highconnectionec.com\/#\/schema\/logo\/image\/\"}}]}<\/script>\n<!-- \/ Yoast SEO plugin. -->","yoast_head_json":{"title":"3D Rose - High Connection","robots":{"index":"index","follow":"follow","max-snippet":"max-snippet:-1","max-image-preview":"max-image-preview:large","max-video-preview":"max-video-preview:-1"},"canonical":"https:\/\/highconnectionec.com\/en\/product\/3d-rose\/","og_locale":"en_US","og_type":"article","og_title":"3D Rose - High Connection","og_description":"Todos los bicolores tienen dos tonalidades que se asemejan, son clonaciones de algunas variedades Lavender.\u00a0 La 3D es una es una clonaci\u00f3n de una variedad antigua, tiene un bot\u00f3n grande, tallos largos, follaje grande y su proceso de producci\u00f3n es laborioso para llegar a su coloraci\u00f3n.\u00a0","og_url":"https:\/\/highconnectionec.com\/en\/product\/3d-rose\/","og_site_name":"High Connection","article_modified_time":"2025-06-11T00:30:21+00:00","og_image":[{"width":1120,"height":1120,"url":"https:\/\/highconnectionec.com\/wp-content\/uploads\/2025\/02\/60C_3D-ROSE_HCF.jpg","type":"image\/jpeg"}],"twitter_card":"summary_large_image","twitter_misc":{"Est. reading time":"1 minute"},"schema":{"@context":"https:\/\/schema.org","@graph":[{"@type":"WebPage","@id":"https:\/\/highconnectionec.com\/producto\/3d-rose\/","url":"https:\/\/highconnectionec.com\/producto\/3d-rose\/","name":"3D Rose - High Connection","isPartOf":{"@id":"https:\/\/highconnectionec.com\/#website"},"primaryImageOfPage":{"@id":"https:\/\/highconnectionec.com\/producto\/3d-rose\/#primaryimage"},"image":{"@id":"https:\/\/highconnectionec.com\/producto\/3d-rose\/#primaryimage"},"thumbnailUrl":"https:\/\/highconnectionec.com\/wp-content\/uploads\/2025\/02\/60C_3D-ROSE_HCF.jpg","datePublished":"2025-02-05T02:51:30+00:00","dateModified":"2025-06-11T00:30:21+00:00","breadcrumb":{"@id":"https:\/\/highconnectionec.com\/producto\/3d-rose\/#breadcrumb"},"inLanguage":"en-US","potentialAction":[{"@type":"ReadAction","target":["https:\/\/highconnectionec.com\/producto\/3d-rose\/"]}]},{"@type":"ImageObject","inLanguage":"en-US","@id":"https:\/\/highconnectionec.com\/producto\/3d-rose\/#primaryimage","url":"https:\/\/highconnectionec.com\/wp-content\/uploads\/2025\/02\/60C_3D-ROSE_HCF.jpg","contentUrl":"https:\/\/highconnectionec.com\/wp-content\/uploads\/2025\/02\/60C_3D-ROSE_HCF.jpg","width":1120,"height":1120},{"@type":"BreadcrumbList","@id":"https:\/\/highconnectionec.com\/producto\/3d-rose\/#breadcrumb","itemListElement":[{"@type":"ListItem","position":1,"name":"Portada","item":"https:\/\/highconnectionec.com\/"},{"@type":"ListItem","position":2,"name":"Shop","item":"https:\/\/highconnectionec.com\/shop\/"},{"@type":"ListItem","position":3,"name":"3D Rose"}]},{"@type":"WebSite","@id":"https:\/\/highconnectionec.com\/#website","url":"https:\/\/highconnectionec.com\/","name":"High Connection Flowers","description":"","publisher":{"@id":"https:\/\/highconnectionec.com\/#organization"},"potentialAction":[{"@type":"SearchAction","target":{"@type":"EntryPoint","urlTemplate":"https:\/\/highconnectionec.com\/?s={search_term_string}"},"query-input":{"@type":"PropertyValueSpecification","valueRequired":true,"valueName":"search_term_string"}}],"inLanguage":"en-US"},{"@type":"Organization","@id":"https:\/\/highconnectionec.com\/#organization","name":"High Connection Flowers","url":"https:\/\/highconnectionec.com\/","logo":{"@type":"ImageObject","inLanguage":"en-US","@id":"https:\/\/highconnectionec.com\/#\/schema\/logo\/image\/","url":"https:\/\/highconnectionec.com\/wp-content\/uploads\/2021\/12\/02_LOGO_COLOR_HCF.svg","contentUrl":"https:\/\/highconnectionec.com\/wp-content\/uploads\/2021\/12\/02_LOGO_COLOR_HCF.svg","width":1169,"height":323,"caption":"High Connection Flowers"},"image":{"@id":"https:\/\/highconnectionec.com\/#\/schema\/logo\/image\/"}}]}},"_links":{"self":[{"href":"https:\/\/highconnectionec.com\/en\/wp-json\/wp\/v2\/product\/1003421","targetHints":{"allow":["GET"]}}],"collection":[{"href":"https:\/\/highconnectionec.com\/en\/wp-json\/wp\/v2\/product"}],"about":[{"href":"https:\/\/highconnectionec.com\/en\/wp-json\/wp\/v2\/types\/product"}],"replies":[{"embeddable":true,"href":"https:\/\/highconnectionec.com\/en\/wp-json\/wp\/v2\/comments?post=1003421"}],"version-history":[{"count":1,"href":"https:\/\/highconnectionec.com\/en\/wp-json\/wp\/v2\/product\/1003421\/revisions"}],"predecessor-version":[{"id":1004449,"href":"https:\/\/highconnectionec.com\/en\/wp-json\/wp\/v2\/product\/1003421\/revisions\/1004449"}],"wp:featuredmedia":[{"embeddable":true,"href":"https:\/\/highconnectionec.com\/en\/wp-json\/wp\/v2\/media\/1003419"}],"wp:attachment":[{"href":"https:\/\/highconnectionec.com\/en\/wp-json\/wp\/v2\/media?parent=1003421"}],"wp:term":[{"taxonomy":"product_brand","embeddable":true,"href":"https:\/\/highconnectionec.com\/en\/wp-json\/wp\/v2\/product_brand?post=1003421"},{"taxonomy":"product_cat","embeddable":true,"href":"https:\/\/highconnectionec.com\/en\/wp-json\/wp\/v2\/product_cat?post=1003421"},{"taxonomy":"product_tag","embeddable":true,"href":"https:\/\/highconnectionec.com\/en\/wp-json\/wp\/v2\/product_tag?post=1003421"}],"curies":[{"name":"wp","href":"https:\/\/api.w.org\/{rel}","templated":true}]}}