{"id":1003449,"date":"2025-02-04T22:20:48","date_gmt":"2025-02-05T03:20:48","guid":{"rendered":"https:\/\/highconnectionec.com\/producto\/barista\/"},"modified":"2025-06-10T19:28:37","modified_gmt":"2025-06-11T00:28:37","slug":"barista","status":"publish","type":"product","link":"https:\/\/highconnectionec.com\/en\/product\/barista\/","title":{"rendered":"Barista"},"content":{"rendered":"","protected":false},"excerpt":{"rendered":"<p><span style=\"font-weight: 400;\">It is a new variety used for weddings. It is a fusion of colors that is achieved with a special production process, it is a variety of great care that requires a good process to achieve its coloration. It is sought after in all markets.<\/span><\/p>","protected":false},"featured_media":1004080,"comment_status":"closed","ping_status":"closed","template":"","meta":{"inline_featured_image":false},"product_brand":[],"product_cat":[210,212,41],"product_tag":[],"class_list":{"0":"post-1003449","1":"product","2":"type-product","3":"status-publish","4":"has-post-thumbnail","6":"product_cat-bodas","7":"product_cat-dia-madre","8":"product_cat-flowers","9":"pa_color-bicolor","11":"first","12":"instock","13":"shipping-taxable","14":"purchasable","15":"product-type-simple"},"yoast_head":"<!-- This site is optimized with the Yoast SEO plugin v24.6 - https:\/\/yoast.com\/wordpress\/plugins\/seo\/ -->\n<title>Barista - High Connection<\/title>\n<meta name=\"robots\" content=\"index, follow, max-snippet:-1, max-image-preview:large, max-video-preview:-1\" \/>\n<link rel=\"canonical\" href=\"https:\/\/highconnectionec.com\/en\/product\/barista\/\" \/>\n<meta property=\"og:locale\" content=\"en_US\" \/>\n<meta property=\"og:type\" content=\"article\" \/>\n<meta property=\"og:title\" content=\"Barista - High Connection\" \/>\n<meta property=\"og:description\" content=\"Es una variedad nueva que se utiliza para bodas. Es una fusi\u00f3n de colores que se consigue con un proceso especial de producci\u00f3n, es una variedad de mucho cuidado que requiere un buen proceso para conseguir su coloraci\u00f3n. Es apetecida en todos los mercados.\" \/>\n<meta property=\"og:url\" content=\"https:\/\/highconnectionec.com\/en\/product\/barista\/\" \/>\n<meta property=\"og:site_name\" content=\"High Connection\" \/>\n<meta property=\"article:modified_time\" content=\"2025-06-11T00:28:37+00:00\" \/>\n<meta property=\"og:image\" content=\"https:\/\/highconnectionec.com\/wp-content\/uploads\/2025\/02\/12_FOTOS_ROSAS_PARA_WEB_HCF-2.jpg\" \/>\n\t<meta property=\"og:image:width\" content=\"1600\" \/>\n\t<meta property=\"og:image:height\" content=\"1600\" \/>\n\t<meta property=\"og:image:type\" content=\"image\/jpeg\" \/>\n<meta name=\"twitter:card\" content=\"summary_large_image\" \/>\n<meta name=\"twitter:label1\" content=\"Est. reading time\" \/>\n\t<meta name=\"twitter:data1\" content=\"1 minute\" \/>\n<script type=\"application\/ld+json\" class=\"yoast-schema-graph\">{\"@context\":\"https:\/\/schema.org\",\"@graph\":[{\"@type\":\"WebPage\",\"@id\":\"https:\/\/highconnectionec.com\/producto\/barista\/\",\"url\":\"https:\/\/highconnectionec.com\/producto\/barista\/\",\"name\":\"Barista - High Connection\",\"isPartOf\":{\"@id\":\"https:\/\/highconnectionec.com\/#website\"},\"primaryImageOfPage\":{\"@id\":\"https:\/\/highconnectionec.com\/producto\/barista\/#primaryimage\"},\"image\":{\"@id\":\"https:\/\/highconnectionec.com\/producto\/barista\/#primaryimage\"},\"thumbnailUrl\":\"https:\/\/highconnectionec.com\/wp-content\/uploads\/2025\/02\/12_FOTOS_ROSAS_PARA_WEB_HCF-2.jpg\",\"datePublished\":\"2025-02-05T03:20:48+00:00\",\"dateModified\":\"2025-06-11T00:28:37+00:00\",\"breadcrumb\":{\"@id\":\"https:\/\/highconnectionec.com\/producto\/barista\/#breadcrumb\"},\"inLanguage\":\"en-US\",\"potentialAction\":[{\"@type\":\"ReadAction\",\"target\":[\"https:\/\/highconnectionec.com\/producto\/barista\/\"]}]},{\"@type\":\"ImageObject\",\"inLanguage\":\"en-US\",\"@id\":\"https:\/\/highconnectionec.com\/producto\/barista\/#primaryimage\",\"url\":\"https:\/\/highconnectionec.com\/wp-content\/uploads\/2025\/02\/12_FOTOS_ROSAS_PARA_WEB_HCF-2.jpg\",\"contentUrl\":\"https:\/\/highconnectionec.com\/wp-content\/uploads\/2025\/02\/12_FOTOS_ROSAS_PARA_WEB_HCF-2.jpg\",\"width\":1600,\"height\":1600},{\"@type\":\"BreadcrumbList\",\"@id\":\"https:\/\/highconnectionec.com\/producto\/barista\/#breadcrumb\",\"itemListElement\":[{\"@type\":\"ListItem\",\"position\":1,\"name\":\"Portada\",\"item\":\"https:\/\/highconnectionec.com\/\"},{\"@type\":\"ListItem\",\"position\":2,\"name\":\"Shop\",\"item\":\"https:\/\/highconnectionec.com\/shop\/\"},{\"@type\":\"ListItem\",\"position\":3,\"name\":\"Barista\"}]},{\"@type\":\"WebSite\",\"@id\":\"https:\/\/highconnectionec.com\/#website\",\"url\":\"https:\/\/highconnectionec.com\/\",\"name\":\"High Connection Flowers\",\"description\":\"\",\"publisher\":{\"@id\":\"https:\/\/highconnectionec.com\/#organization\"},\"potentialAction\":[{\"@type\":\"SearchAction\",\"target\":{\"@type\":\"EntryPoint\",\"urlTemplate\":\"https:\/\/highconnectionec.com\/?s={search_term_string}\"},\"query-input\":{\"@type\":\"PropertyValueSpecification\",\"valueRequired\":true,\"valueName\":\"search_term_string\"}}],\"inLanguage\":\"en-US\"},{\"@type\":\"Organization\",\"@id\":\"https:\/\/highconnectionec.com\/#organization\",\"name\":\"High Connection Flowers\",\"url\":\"https:\/\/highconnectionec.com\/\",\"logo\":{\"@type\":\"ImageObject\",\"inLanguage\":\"en-US\",\"@id\":\"https:\/\/highconnectionec.com\/#\/schema\/logo\/image\/\",\"url\":\"https:\/\/highconnectionec.com\/wp-content\/uploads\/2021\/12\/02_LOGO_COLOR_HCF.svg\",\"contentUrl\":\"https:\/\/highconnectionec.com\/wp-content\/uploads\/2021\/12\/02_LOGO_COLOR_HCF.svg\",\"width\":1169,\"height\":323,\"caption\":\"High Connection Flowers\"},\"image\":{\"@id\":\"https:\/\/highconnectionec.com\/#\/schema\/logo\/image\/\"}}]}<\/script>\n<!-- \/ Yoast SEO plugin. -->","yoast_head_json":{"title":"Barista - High Connection","robots":{"index":"index","follow":"follow","max-snippet":"max-snippet:-1","max-image-preview":"max-image-preview:large","max-video-preview":"max-video-preview:-1"},"canonical":"https:\/\/highconnectionec.com\/en\/product\/barista\/","og_locale":"en_US","og_type":"article","og_title":"Barista - High Connection","og_description":"Es una variedad nueva que se utiliza para bodas. Es una fusi\u00f3n de colores que se consigue con un proceso especial de producci\u00f3n, es una variedad de mucho cuidado que requiere un buen proceso para conseguir su coloraci\u00f3n. Es apetecida en todos los mercados.","og_url":"https:\/\/highconnectionec.com\/en\/product\/barista\/","og_site_name":"High Connection","article_modified_time":"2025-06-11T00:28:37+00:00","og_image":[{"width":1600,"height":1600,"url":"https:\/\/highconnectionec.com\/wp-content\/uploads\/2025\/02\/12_FOTOS_ROSAS_PARA_WEB_HCF-2.jpg","type":"image\/jpeg"}],"twitter_card":"summary_large_image","twitter_misc":{"Est. reading time":"1 minute"},"schema":{"@context":"https:\/\/schema.org","@graph":[{"@type":"WebPage","@id":"https:\/\/highconnectionec.com\/producto\/barista\/","url":"https:\/\/highconnectionec.com\/producto\/barista\/","name":"Barista - High Connection","isPartOf":{"@id":"https:\/\/highconnectionec.com\/#website"},"primaryImageOfPage":{"@id":"https:\/\/highconnectionec.com\/producto\/barista\/#primaryimage"},"image":{"@id":"https:\/\/highconnectionec.com\/producto\/barista\/#primaryimage"},"thumbnailUrl":"https:\/\/highconnectionec.com\/wp-content\/uploads\/2025\/02\/12_FOTOS_ROSAS_PARA_WEB_HCF-2.jpg","datePublished":"2025-02-05T03:20:48+00:00","dateModified":"2025-06-11T00:28:37+00:00","breadcrumb":{"@id":"https:\/\/highconnectionec.com\/producto\/barista\/#breadcrumb"},"inLanguage":"en-US","potentialAction":[{"@type":"ReadAction","target":["https:\/\/highconnectionec.com\/producto\/barista\/"]}]},{"@type":"ImageObject","inLanguage":"en-US","@id":"https:\/\/highconnectionec.com\/producto\/barista\/#primaryimage","url":"https:\/\/highconnectionec.com\/wp-content\/uploads\/2025\/02\/12_FOTOS_ROSAS_PARA_WEB_HCF-2.jpg","contentUrl":"https:\/\/highconnectionec.com\/wp-content\/uploads\/2025\/02\/12_FOTOS_ROSAS_PARA_WEB_HCF-2.jpg","width":1600,"height":1600},{"@type":"BreadcrumbList","@id":"https:\/\/highconnectionec.com\/producto\/barista\/#breadcrumb","itemListElement":[{"@type":"ListItem","position":1,"name":"Portada","item":"https:\/\/highconnectionec.com\/"},{"@type":"ListItem","position":2,"name":"Shop","item":"https:\/\/highconnectionec.com\/shop\/"},{"@type":"ListItem","position":3,"name":"Barista"}]},{"@type":"WebSite","@id":"https:\/\/highconnectionec.com\/#website","url":"https:\/\/highconnectionec.com\/","name":"High Connection Flowers","description":"","publisher":{"@id":"https:\/\/highconnectionec.com\/#organization"},"potentialAction":[{"@type":"SearchAction","target":{"@type":"EntryPoint","urlTemplate":"https:\/\/highconnectionec.com\/?s={search_term_string}"},"query-input":{"@type":"PropertyValueSpecification","valueRequired":true,"valueName":"search_term_string"}}],"inLanguage":"en-US"},{"@type":"Organization","@id":"https:\/\/highconnectionec.com\/#organization","name":"High Connection Flowers","url":"https:\/\/highconnectionec.com\/","logo":{"@type":"ImageObject","inLanguage":"en-US","@id":"https:\/\/highconnectionec.com\/#\/schema\/logo\/image\/","url":"https:\/\/highconnectionec.com\/wp-content\/uploads\/2021\/12\/02_LOGO_COLOR_HCF.svg","contentUrl":"https:\/\/highconnectionec.com\/wp-content\/uploads\/2021\/12\/02_LOGO_COLOR_HCF.svg","width":1169,"height":323,"caption":"High Connection Flowers"},"image":{"@id":"https:\/\/highconnectionec.com\/#\/schema\/logo\/image\/"}}]}},"_links":{"self":[{"href":"https:\/\/highconnectionec.com\/en\/wp-json\/wp\/v2\/product\/1003449","targetHints":{"allow":["GET"]}}],"collection":[{"href":"https:\/\/highconnectionec.com\/en\/wp-json\/wp\/v2\/product"}],"about":[{"href":"https:\/\/highconnectionec.com\/en\/wp-json\/wp\/v2\/types\/product"}],"replies":[{"embeddable":true,"href":"https:\/\/highconnectionec.com\/en\/wp-json\/wp\/v2\/comments?post=1003449"}],"version-history":[{"count":1,"href":"https:\/\/highconnectionec.com\/en\/wp-json\/wp\/v2\/product\/1003449\/revisions"}],"predecessor-version":[{"id":1004084,"href":"https:\/\/highconnectionec.com\/en\/wp-json\/wp\/v2\/product\/1003449\/revisions\/1004084"}],"wp:featuredmedia":[{"embeddable":true,"href":"https:\/\/highconnectionec.com\/en\/wp-json\/wp\/v2\/media\/1004080"}],"wp:attachment":[{"href":"https:\/\/highconnectionec.com\/en\/wp-json\/wp\/v2\/media?parent=1003449"}],"wp:term":[{"taxonomy":"product_brand","embeddable":true,"href":"https:\/\/highconnectionec.com\/en\/wp-json\/wp\/v2\/product_brand?post=1003449"},{"taxonomy":"product_cat","embeddable":true,"href":"https:\/\/highconnectionec.com\/en\/wp-json\/wp\/v2\/product_cat?post=1003449"},{"taxonomy":"product_tag","embeddable":true,"href":"https:\/\/highconnectionec.com\/en\/wp-json\/wp\/v2\/product_tag?post=1003449"}],"curies":[{"name":"wp","href":"https:\/\/api.w.org\/{rel}","templated":true}]}}