{"id":1003584,"date":"2025-02-05T21:07:05","date_gmt":"2025-02-06T02:07:05","guid":{"rendered":"https:\/\/highconnectionec.com\/producto\/gotcha\/"},"modified":"2025-06-10T19:09:44","modified_gmt":"2025-06-11T00:09:44","slug":"gotcha","status":"publish","type":"product","link":"https:\/\/highconnectionec.com\/en\/product\/gotcha\/","title":{"rendered":"Gotcha"},"content":{"rendered":"","protected":false},"excerpt":{"rendered":"<p><span style=\"font-weight: 400;\">It is the most coveted variety among all the Pink. It is a variety of much work and care, it is hard to have it. It has a charm in the coloration, it is a unique fuchsia that enchants.  In fact, this variety is the most economically profitable for the company. It has been on the market for several years. Not all farms have it because it does not produce, but we have been able to keep it and we continue to distribute it with the joy of delivering one of the most sought after and best valued roses. Its main destination is Russia and the rest of Europe. <\/span><\/p>","protected":false},"featured_media":1003499,"comment_status":"closed","ping_status":"closed","template":"","meta":{"inline_featured_image":false},"product_brand":[],"product_cat":[212,213,41,214,216],"product_tag":[],"class_list":{"0":"post-1003584","1":"product","2":"type-product","3":"status-publish","4":"has-post-thumbnail","6":"product_cat-dia-madre","7":"product_cat-dia-mujer","8":"product_cat-flowers","9":"product_cat-inicio-clases-ruso","10":"product_cat-valentin","11":"pa_color-rosa-fuerte","13":"first","14":"instock","15":"shipping-taxable","16":"purchasable","17":"product-type-simple"},"yoast_head":"<!-- This site is optimized with the Yoast SEO plugin v24.6 - https:\/\/yoast.com\/wordpress\/plugins\/seo\/ -->\n<title>Gotcha - High Connection<\/title>\n<meta name=\"robots\" content=\"index, follow, max-snippet:-1, max-image-preview:large, max-video-preview:-1\" \/>\n<link rel=\"canonical\" href=\"https:\/\/highconnectionec.com\/en\/product\/gotcha\/\" \/>\n<meta property=\"og:locale\" content=\"en_US\" \/>\n<meta property=\"og:type\" content=\"article\" \/>\n<meta property=\"og:title\" content=\"Gotcha - High Connection\" \/>\n<meta property=\"og:description\" content=\"Es la variedad m\u00e1s codiciada entre todas las Pink. Es una variedad de mucho trabajo y cuidado, cuesta tenerla. Tiene un encanto en la coloraci\u00f3n, es un fucsia \u00fanico que encanta.\u00a0 De hecho, esta variedad es la m\u00e1s rentable econ\u00f3micamente para la empresa. Ya tiene varios a\u00f1os en el mercado. No todas las fincas la tienen porque no produce, pero nosotros hemos podido mantenerla y la seguimos distribuyendo con la alegr\u00eda de entregar una de las rosas m\u00e1s apetecidas y mejor valoradas. Su principal destino es Rusia y el resto de Europa.\" \/>\n<meta property=\"og:url\" content=\"https:\/\/highconnectionec.com\/en\/product\/gotcha\/\" \/>\n<meta property=\"og:site_name\" content=\"High Connection\" \/>\n<meta property=\"article:modified_time\" content=\"2025-06-11T00:09:44+00:00\" \/>\n<meta property=\"og:image\" content=\"https:\/\/highconnectionec.com\/wp-content\/uploads\/2025\/02\/39C_GOTCHA_HCF.jpg\" \/>\n\t<meta property=\"og:image:width\" content=\"1120\" \/>\n\t<meta property=\"og:image:height\" content=\"1120\" \/>\n\t<meta property=\"og:image:type\" content=\"image\/jpeg\" \/>\n<meta name=\"twitter:card\" content=\"summary_large_image\" \/>\n<meta name=\"twitter:label1\" content=\"Est. reading time\" \/>\n\t<meta name=\"twitter:data1\" content=\"1 minute\" \/>\n<script type=\"application\/ld+json\" class=\"yoast-schema-graph\">{\"@context\":\"https:\/\/schema.org\",\"@graph\":[{\"@type\":\"WebPage\",\"@id\":\"https:\/\/highconnectionec.com\/producto\/gotcha\/\",\"url\":\"https:\/\/highconnectionec.com\/producto\/gotcha\/\",\"name\":\"Gotcha - High Connection\",\"isPartOf\":{\"@id\":\"https:\/\/highconnectionec.com\/#website\"},\"primaryImageOfPage\":{\"@id\":\"https:\/\/highconnectionec.com\/producto\/gotcha\/#primaryimage\"},\"image\":{\"@id\":\"https:\/\/highconnectionec.com\/producto\/gotcha\/#primaryimage\"},\"thumbnailUrl\":\"https:\/\/highconnectionec.com\/wp-content\/uploads\/2025\/02\/39C_GOTCHA_HCF.jpg\",\"datePublished\":\"2025-02-06T02:07:05+00:00\",\"dateModified\":\"2025-06-11T00:09:44+00:00\",\"breadcrumb\":{\"@id\":\"https:\/\/highconnectionec.com\/producto\/gotcha\/#breadcrumb\"},\"inLanguage\":\"en-US\",\"potentialAction\":[{\"@type\":\"ReadAction\",\"target\":[\"https:\/\/highconnectionec.com\/producto\/gotcha\/\"]}]},{\"@type\":\"ImageObject\",\"inLanguage\":\"en-US\",\"@id\":\"https:\/\/highconnectionec.com\/producto\/gotcha\/#primaryimage\",\"url\":\"https:\/\/highconnectionec.com\/wp-content\/uploads\/2025\/02\/39C_GOTCHA_HCF.jpg\",\"contentUrl\":\"https:\/\/highconnectionec.com\/wp-content\/uploads\/2025\/02\/39C_GOTCHA_HCF.jpg\",\"width\":1120,\"height\":1120},{\"@type\":\"BreadcrumbList\",\"@id\":\"https:\/\/highconnectionec.com\/producto\/gotcha\/#breadcrumb\",\"itemListElement\":[{\"@type\":\"ListItem\",\"position\":1,\"name\":\"Portada\",\"item\":\"https:\/\/highconnectionec.com\/\"},{\"@type\":\"ListItem\",\"position\":2,\"name\":\"Shop\",\"item\":\"https:\/\/highconnectionec.com\/shop\/\"},{\"@type\":\"ListItem\",\"position\":3,\"name\":\"Gotcha\"}]},{\"@type\":\"WebSite\",\"@id\":\"https:\/\/highconnectionec.com\/#website\",\"url\":\"https:\/\/highconnectionec.com\/\",\"name\":\"High Connection Flowers\",\"description\":\"\",\"publisher\":{\"@id\":\"https:\/\/highconnectionec.com\/#organization\"},\"potentialAction\":[{\"@type\":\"SearchAction\",\"target\":{\"@type\":\"EntryPoint\",\"urlTemplate\":\"https:\/\/highconnectionec.com\/?s={search_term_string}\"},\"query-input\":{\"@type\":\"PropertyValueSpecification\",\"valueRequired\":true,\"valueName\":\"search_term_string\"}}],\"inLanguage\":\"en-US\"},{\"@type\":\"Organization\",\"@id\":\"https:\/\/highconnectionec.com\/#organization\",\"name\":\"High Connection Flowers\",\"url\":\"https:\/\/highconnectionec.com\/\",\"logo\":{\"@type\":\"ImageObject\",\"inLanguage\":\"en-US\",\"@id\":\"https:\/\/highconnectionec.com\/#\/schema\/logo\/image\/\",\"url\":\"https:\/\/highconnectionec.com\/wp-content\/uploads\/2021\/12\/02_LOGO_COLOR_HCF.svg\",\"contentUrl\":\"https:\/\/highconnectionec.com\/wp-content\/uploads\/2021\/12\/02_LOGO_COLOR_HCF.svg\",\"width\":1169,\"height\":323,\"caption\":\"High Connection Flowers\"},\"image\":{\"@id\":\"https:\/\/highconnectionec.com\/#\/schema\/logo\/image\/\"}}]}<\/script>\n<!-- \/ Yoast SEO plugin. -->","yoast_head_json":{"title":"Gotcha - High Connection","robots":{"index":"index","follow":"follow","max-snippet":"max-snippet:-1","max-image-preview":"max-image-preview:large","max-video-preview":"max-video-preview:-1"},"canonical":"https:\/\/highconnectionec.com\/en\/product\/gotcha\/","og_locale":"en_US","og_type":"article","og_title":"Gotcha - High Connection","og_description":"Es la variedad m\u00e1s codiciada entre todas las Pink. Es una variedad de mucho trabajo y cuidado, cuesta tenerla. Tiene un encanto en la coloraci\u00f3n, es un fucsia \u00fanico que encanta.\u00a0 De hecho, esta variedad es la m\u00e1s rentable econ\u00f3micamente para la empresa. Ya tiene varios a\u00f1os en el mercado. No todas las fincas la tienen porque no produce, pero nosotros hemos podido mantenerla y la seguimos distribuyendo con la alegr\u00eda de entregar una de las rosas m\u00e1s apetecidas y mejor valoradas. Su principal destino es Rusia y el resto de Europa.","og_url":"https:\/\/highconnectionec.com\/en\/product\/gotcha\/","og_site_name":"High Connection","article_modified_time":"2025-06-11T00:09:44+00:00","og_image":[{"width":1120,"height":1120,"url":"https:\/\/highconnectionec.com\/wp-content\/uploads\/2025\/02\/39C_GOTCHA_HCF.jpg","type":"image\/jpeg"}],"twitter_card":"summary_large_image","twitter_misc":{"Est. reading time":"1 minute"},"schema":{"@context":"https:\/\/schema.org","@graph":[{"@type":"WebPage","@id":"https:\/\/highconnectionec.com\/producto\/gotcha\/","url":"https:\/\/highconnectionec.com\/producto\/gotcha\/","name":"Gotcha - High Connection","isPartOf":{"@id":"https:\/\/highconnectionec.com\/#website"},"primaryImageOfPage":{"@id":"https:\/\/highconnectionec.com\/producto\/gotcha\/#primaryimage"},"image":{"@id":"https:\/\/highconnectionec.com\/producto\/gotcha\/#primaryimage"},"thumbnailUrl":"https:\/\/highconnectionec.com\/wp-content\/uploads\/2025\/02\/39C_GOTCHA_HCF.jpg","datePublished":"2025-02-06T02:07:05+00:00","dateModified":"2025-06-11T00:09:44+00:00","breadcrumb":{"@id":"https:\/\/highconnectionec.com\/producto\/gotcha\/#breadcrumb"},"inLanguage":"en-US","potentialAction":[{"@type":"ReadAction","target":["https:\/\/highconnectionec.com\/producto\/gotcha\/"]}]},{"@type":"ImageObject","inLanguage":"en-US","@id":"https:\/\/highconnectionec.com\/producto\/gotcha\/#primaryimage","url":"https:\/\/highconnectionec.com\/wp-content\/uploads\/2025\/02\/39C_GOTCHA_HCF.jpg","contentUrl":"https:\/\/highconnectionec.com\/wp-content\/uploads\/2025\/02\/39C_GOTCHA_HCF.jpg","width":1120,"height":1120},{"@type":"BreadcrumbList","@id":"https:\/\/highconnectionec.com\/producto\/gotcha\/#breadcrumb","itemListElement":[{"@type":"ListItem","position":1,"name":"Portada","item":"https:\/\/highconnectionec.com\/"},{"@type":"ListItem","position":2,"name":"Shop","item":"https:\/\/highconnectionec.com\/shop\/"},{"@type":"ListItem","position":3,"name":"Gotcha"}]},{"@type":"WebSite","@id":"https:\/\/highconnectionec.com\/#website","url":"https:\/\/highconnectionec.com\/","name":"High Connection Flowers","description":"","publisher":{"@id":"https:\/\/highconnectionec.com\/#organization"},"potentialAction":[{"@type":"SearchAction","target":{"@type":"EntryPoint","urlTemplate":"https:\/\/highconnectionec.com\/?s={search_term_string}"},"query-input":{"@type":"PropertyValueSpecification","valueRequired":true,"valueName":"search_term_string"}}],"inLanguage":"en-US"},{"@type":"Organization","@id":"https:\/\/highconnectionec.com\/#organization","name":"High Connection Flowers","url":"https:\/\/highconnectionec.com\/","logo":{"@type":"ImageObject","inLanguage":"en-US","@id":"https:\/\/highconnectionec.com\/#\/schema\/logo\/image\/","url":"https:\/\/highconnectionec.com\/wp-content\/uploads\/2021\/12\/02_LOGO_COLOR_HCF.svg","contentUrl":"https:\/\/highconnectionec.com\/wp-content\/uploads\/2021\/12\/02_LOGO_COLOR_HCF.svg","width":1169,"height":323,"caption":"High Connection Flowers"},"image":{"@id":"https:\/\/highconnectionec.com\/#\/schema\/logo\/image\/"}}]}},"_links":{"self":[{"href":"https:\/\/highconnectionec.com\/en\/wp-json\/wp\/v2\/product\/1003584","targetHints":{"allow":["GET"]}}],"collection":[{"href":"https:\/\/highconnectionec.com\/en\/wp-json\/wp\/v2\/product"}],"about":[{"href":"https:\/\/highconnectionec.com\/en\/wp-json\/wp\/v2\/types\/product"}],"replies":[{"embeddable":true,"href":"https:\/\/highconnectionec.com\/en\/wp-json\/wp\/v2\/comments?post=1003584"}],"version-history":[{"count":1,"href":"https:\/\/highconnectionec.com\/en\/wp-json\/wp\/v2\/product\/1003584\/revisions"}],"predecessor-version":[{"id":1004411,"href":"https:\/\/highconnectionec.com\/en\/wp-json\/wp\/v2\/product\/1003584\/revisions\/1004411"}],"wp:featuredmedia":[{"embeddable":true,"href":"https:\/\/highconnectionec.com\/en\/wp-json\/wp\/v2\/media\/1003499"}],"wp:attachment":[{"href":"https:\/\/highconnectionec.com\/en\/wp-json\/wp\/v2\/media?parent=1003584"}],"wp:term":[{"taxonomy":"product_brand","embeddable":true,"href":"https:\/\/highconnectionec.com\/en\/wp-json\/wp\/v2\/product_brand?post=1003584"},{"taxonomy":"product_cat","embeddable":true,"href":"https:\/\/highconnectionec.com\/en\/wp-json\/wp\/v2\/product_cat?post=1003584"},{"taxonomy":"product_tag","embeddable":true,"href":"https:\/\/highconnectionec.com\/en\/wp-json\/wp\/v2\/product_tag?post=1003584"}],"curies":[{"name":"wp","href":"https:\/\/api.w.org\/{rel}","templated":true}]}}