{"id":1003602,"date":"2025-02-05T21:07:10","date_gmt":"2025-02-06T02:07:10","guid":{"rendered":"https:\/\/highconnectionec.com\/producto\/pink-floyd\/"},"modified":"2025-06-10T19:02:27","modified_gmt":"2025-06-11T00:02:27","slug":"pink-floyd","status":"publish","type":"product","link":"https:\/\/highconnectionec.com\/en\/product\/pink-floyd\/","title":{"rendered":"Pink Floyd"},"content":{"rendered":"","protected":false},"excerpt":{"rendered":"<p><span style=\"font-weight: 400;\">It is an old variety that is still popular for its large button size, wide opening and nice coloration. It is very well received in all destinations. <\/span><\/p>","protected":false},"featured_media":1003553,"comment_status":"closed","ping_status":"closed","template":"","meta":{"inline_featured_image":false},"product_brand":[],"product_cat":[212,213,41,214,216],"product_tag":[],"class_list":{"0":"post-1003602","1":"product","2":"type-product","3":"status-publish","4":"has-post-thumbnail","6":"product_cat-dia-madre","7":"product_cat-dia-mujer","8":"product_cat-flowers","9":"product_cat-inicio-clases-ruso","10":"product_cat-valentin","11":"pa_color-rosa-fuerte","13":"first","14":"instock","15":"shipping-taxable","16":"purchasable","17":"product-type-simple"},"yoast_head":"<!-- This site is optimized with the Yoast SEO plugin v24.6 - https:\/\/yoast.com\/wordpress\/plugins\/seo\/ -->\n<title>Pink Floyd - High Connection<\/title>\n<meta name=\"robots\" content=\"index, follow, max-snippet:-1, max-image-preview:large, max-video-preview:-1\" \/>\n<link rel=\"canonical\" href=\"https:\/\/highconnectionec.com\/en\/product\/pink-floyd\/\" \/>\n<meta property=\"og:locale\" content=\"en_US\" \/>\n<meta property=\"og:type\" content=\"article\" \/>\n<meta property=\"og:title\" content=\"Pink Floyd - High Connection\" \/>\n<meta property=\"og:description\" content=\"Es una variedad antigua que sigue gustando por su tama\u00f1o de bot\u00f3n grande, tiene apertura amplia y coloraci\u00f3n agradable. Es muy bien recibida en todos los destinos.\" \/>\n<meta property=\"og:url\" content=\"https:\/\/highconnectionec.com\/en\/product\/pink-floyd\/\" \/>\n<meta property=\"og:site_name\" content=\"High Connection\" \/>\n<meta property=\"article:modified_time\" content=\"2025-06-11T00:02:27+00:00\" \/>\n<meta property=\"og:image\" content=\"https:\/\/highconnectionec.com\/wp-content\/uploads\/2025\/02\/21C_PINK_FLOYD_HCF.jpg\" \/>\n\t<meta property=\"og:image:width\" content=\"1120\" \/>\n\t<meta property=\"og:image:height\" content=\"1120\" \/>\n\t<meta property=\"og:image:type\" content=\"image\/jpeg\" \/>\n<meta name=\"twitter:card\" content=\"summary_large_image\" \/>\n<meta name=\"twitter:label1\" content=\"Est. reading time\" \/>\n\t<meta name=\"twitter:data1\" content=\"1 minute\" \/>\n<script type=\"application\/ld+json\" class=\"yoast-schema-graph\">{\"@context\":\"https:\/\/schema.org\",\"@graph\":[{\"@type\":\"WebPage\",\"@id\":\"https:\/\/highconnectionec.com\/producto\/pink-floyd\/\",\"url\":\"https:\/\/highconnectionec.com\/producto\/pink-floyd\/\",\"name\":\"Pink Floyd - High Connection\",\"isPartOf\":{\"@id\":\"https:\/\/highconnectionec.com\/#website\"},\"primaryImageOfPage\":{\"@id\":\"https:\/\/highconnectionec.com\/producto\/pink-floyd\/#primaryimage\"},\"image\":{\"@id\":\"https:\/\/highconnectionec.com\/producto\/pink-floyd\/#primaryimage\"},\"thumbnailUrl\":\"https:\/\/highconnectionec.com\/wp-content\/uploads\/2025\/02\/21C_PINK_FLOYD_HCF.jpg\",\"datePublished\":\"2025-02-06T02:07:10+00:00\",\"dateModified\":\"2025-06-11T00:02:27+00:00\",\"breadcrumb\":{\"@id\":\"https:\/\/highconnectionec.com\/producto\/pink-floyd\/#breadcrumb\"},\"inLanguage\":\"en-US\",\"potentialAction\":[{\"@type\":\"ReadAction\",\"target\":[\"https:\/\/highconnectionec.com\/producto\/pink-floyd\/\"]}]},{\"@type\":\"ImageObject\",\"inLanguage\":\"en-US\",\"@id\":\"https:\/\/highconnectionec.com\/producto\/pink-floyd\/#primaryimage\",\"url\":\"https:\/\/highconnectionec.com\/wp-content\/uploads\/2025\/02\/21C_PINK_FLOYD_HCF.jpg\",\"contentUrl\":\"https:\/\/highconnectionec.com\/wp-content\/uploads\/2025\/02\/21C_PINK_FLOYD_HCF.jpg\",\"width\":1120,\"height\":1120},{\"@type\":\"BreadcrumbList\",\"@id\":\"https:\/\/highconnectionec.com\/producto\/pink-floyd\/#breadcrumb\",\"itemListElement\":[{\"@type\":\"ListItem\",\"position\":1,\"name\":\"Portada\",\"item\":\"https:\/\/highconnectionec.com\/\"},{\"@type\":\"ListItem\",\"position\":2,\"name\":\"Shop\",\"item\":\"https:\/\/highconnectionec.com\/shop\/\"},{\"@type\":\"ListItem\",\"position\":3,\"name\":\"Pink Floyd\"}]},{\"@type\":\"WebSite\",\"@id\":\"https:\/\/highconnectionec.com\/#website\",\"url\":\"https:\/\/highconnectionec.com\/\",\"name\":\"High Connection Flowers\",\"description\":\"\",\"publisher\":{\"@id\":\"https:\/\/highconnectionec.com\/#organization\"},\"potentialAction\":[{\"@type\":\"SearchAction\",\"target\":{\"@type\":\"EntryPoint\",\"urlTemplate\":\"https:\/\/highconnectionec.com\/?s={search_term_string}\"},\"query-input\":{\"@type\":\"PropertyValueSpecification\",\"valueRequired\":true,\"valueName\":\"search_term_string\"}}],\"inLanguage\":\"en-US\"},{\"@type\":\"Organization\",\"@id\":\"https:\/\/highconnectionec.com\/#organization\",\"name\":\"High Connection Flowers\",\"url\":\"https:\/\/highconnectionec.com\/\",\"logo\":{\"@type\":\"ImageObject\",\"inLanguage\":\"en-US\",\"@id\":\"https:\/\/highconnectionec.com\/#\/schema\/logo\/image\/\",\"url\":\"https:\/\/highconnectionec.com\/wp-content\/uploads\/2021\/12\/02_LOGO_COLOR_HCF.svg\",\"contentUrl\":\"https:\/\/highconnectionec.com\/wp-content\/uploads\/2021\/12\/02_LOGO_COLOR_HCF.svg\",\"width\":1169,\"height\":323,\"caption\":\"High Connection Flowers\"},\"image\":{\"@id\":\"https:\/\/highconnectionec.com\/#\/schema\/logo\/image\/\"}}]}<\/script>\n<!-- \/ Yoast SEO plugin. -->","yoast_head_json":{"title":"Pink Floyd - High Connection","robots":{"index":"index","follow":"follow","max-snippet":"max-snippet:-1","max-image-preview":"max-image-preview:large","max-video-preview":"max-video-preview:-1"},"canonical":"https:\/\/highconnectionec.com\/en\/product\/pink-floyd\/","og_locale":"en_US","og_type":"article","og_title":"Pink Floyd - High Connection","og_description":"Es una variedad antigua que sigue gustando por su tama\u00f1o de bot\u00f3n grande, tiene apertura amplia y coloraci\u00f3n agradable. Es muy bien recibida en todos los destinos.","og_url":"https:\/\/highconnectionec.com\/en\/product\/pink-floyd\/","og_site_name":"High Connection","article_modified_time":"2025-06-11T00:02:27+00:00","og_image":[{"width":1120,"height":1120,"url":"https:\/\/highconnectionec.com\/wp-content\/uploads\/2025\/02\/21C_PINK_FLOYD_HCF.jpg","type":"image\/jpeg"}],"twitter_card":"summary_large_image","twitter_misc":{"Est. reading time":"1 minute"},"schema":{"@context":"https:\/\/schema.org","@graph":[{"@type":"WebPage","@id":"https:\/\/highconnectionec.com\/producto\/pink-floyd\/","url":"https:\/\/highconnectionec.com\/producto\/pink-floyd\/","name":"Pink Floyd - High Connection","isPartOf":{"@id":"https:\/\/highconnectionec.com\/#website"},"primaryImageOfPage":{"@id":"https:\/\/highconnectionec.com\/producto\/pink-floyd\/#primaryimage"},"image":{"@id":"https:\/\/highconnectionec.com\/producto\/pink-floyd\/#primaryimage"},"thumbnailUrl":"https:\/\/highconnectionec.com\/wp-content\/uploads\/2025\/02\/21C_PINK_FLOYD_HCF.jpg","datePublished":"2025-02-06T02:07:10+00:00","dateModified":"2025-06-11T00:02:27+00:00","breadcrumb":{"@id":"https:\/\/highconnectionec.com\/producto\/pink-floyd\/#breadcrumb"},"inLanguage":"en-US","potentialAction":[{"@type":"ReadAction","target":["https:\/\/highconnectionec.com\/producto\/pink-floyd\/"]}]},{"@type":"ImageObject","inLanguage":"en-US","@id":"https:\/\/highconnectionec.com\/producto\/pink-floyd\/#primaryimage","url":"https:\/\/highconnectionec.com\/wp-content\/uploads\/2025\/02\/21C_PINK_FLOYD_HCF.jpg","contentUrl":"https:\/\/highconnectionec.com\/wp-content\/uploads\/2025\/02\/21C_PINK_FLOYD_HCF.jpg","width":1120,"height":1120},{"@type":"BreadcrumbList","@id":"https:\/\/highconnectionec.com\/producto\/pink-floyd\/#breadcrumb","itemListElement":[{"@type":"ListItem","position":1,"name":"Portada","item":"https:\/\/highconnectionec.com\/"},{"@type":"ListItem","position":2,"name":"Shop","item":"https:\/\/highconnectionec.com\/shop\/"},{"@type":"ListItem","position":3,"name":"Pink Floyd"}]},{"@type":"WebSite","@id":"https:\/\/highconnectionec.com\/#website","url":"https:\/\/highconnectionec.com\/","name":"High Connection Flowers","description":"","publisher":{"@id":"https:\/\/highconnectionec.com\/#organization"},"potentialAction":[{"@type":"SearchAction","target":{"@type":"EntryPoint","urlTemplate":"https:\/\/highconnectionec.com\/?s={search_term_string}"},"query-input":{"@type":"PropertyValueSpecification","valueRequired":true,"valueName":"search_term_string"}}],"inLanguage":"en-US"},{"@type":"Organization","@id":"https:\/\/highconnectionec.com\/#organization","name":"High Connection Flowers","url":"https:\/\/highconnectionec.com\/","logo":{"@type":"ImageObject","inLanguage":"en-US","@id":"https:\/\/highconnectionec.com\/#\/schema\/logo\/image\/","url":"https:\/\/highconnectionec.com\/wp-content\/uploads\/2021\/12\/02_LOGO_COLOR_HCF.svg","contentUrl":"https:\/\/highconnectionec.com\/wp-content\/uploads\/2021\/12\/02_LOGO_COLOR_HCF.svg","width":1169,"height":323,"caption":"High Connection Flowers"},"image":{"@id":"https:\/\/highconnectionec.com\/#\/schema\/logo\/image\/"}}]}},"_links":{"self":[{"href":"https:\/\/highconnectionec.com\/en\/wp-json\/wp\/v2\/product\/1003602","targetHints":{"allow":["GET"]}}],"collection":[{"href":"https:\/\/highconnectionec.com\/en\/wp-json\/wp\/v2\/product"}],"about":[{"href":"https:\/\/highconnectionec.com\/en\/wp-json\/wp\/v2\/types\/product"}],"replies":[{"embeddable":true,"href":"https:\/\/highconnectionec.com\/en\/wp-json\/wp\/v2\/comments?post=1003602"}],"version-history":[{"count":1,"href":"https:\/\/highconnectionec.com\/en\/wp-json\/wp\/v2\/product\/1003602\/revisions"}],"predecessor-version":[{"id":1003604,"href":"https:\/\/highconnectionec.com\/en\/wp-json\/wp\/v2\/product\/1003602\/revisions\/1003604"}],"wp:featuredmedia":[{"embeddable":true,"href":"https:\/\/highconnectionec.com\/en\/wp-json\/wp\/v2\/media\/1003553"}],"wp:attachment":[{"href":"https:\/\/highconnectionec.com\/en\/wp-json\/wp\/v2\/media?parent=1003602"}],"wp:term":[{"taxonomy":"product_brand","embeddable":true,"href":"https:\/\/highconnectionec.com\/en\/wp-json\/wp\/v2\/product_brand?post=1003602"},{"taxonomy":"product_cat","embeddable":true,"href":"https:\/\/highconnectionec.com\/en\/wp-json\/wp\/v2\/product_cat?post=1003602"},{"taxonomy":"product_tag","embeddable":true,"href":"https:\/\/highconnectionec.com\/en\/wp-json\/wp\/v2\/product_tag?post=1003602"}],"curies":[{"name":"wp","href":"https:\/\/api.w.org\/{rel}","templated":true}]}}