{"id":1004531,"date":"2025-06-17T19:25:22","date_gmt":"2025-06-18T00:25:22","guid":{"rendered":"https:\/\/highconnectionec.com\/?post_type=product&#038;p=1004531"},"modified":"2025-06-17T19:28:24","modified_gmt":"2025-06-18T00:28:24","slug":"jacaranda","status":"publish","type":"product","link":"https:\/\/highconnectionec.com\/en\/product\/jacaranda\/","title":{"rendered":"Jacaranda"},"content":{"rendered":"","protected":false},"excerpt":{"rendered":"<p><span style=\"font-weight: 400;\">With a large and intense red bud, it requires permanent attention to reach a vase life of 16 to 20 days. Because of its characteristic color, it is appreciated on Valentine's Day, Woman's Day and Mother's Day. <\/span><\/p>","protected":false},"featured_media":1004533,"comment_status":"closed","ping_status":"closed","template":"","meta":{"inline_featured_image":false},"product_brand":[],"product_cat":[212,213,41,214,216],"product_tag":[],"class_list":{"0":"post-1004531","1":"product","2":"type-product","3":"status-publish","4":"has-post-thumbnail","6":"product_cat-dia-madre","7":"product_cat-dia-mujer","8":"product_cat-flowers","9":"product_cat-inicio-clases-ruso","10":"product_cat-valentin","11":"pa_color-crema","13":"first","14":"instock","15":"shipping-taxable","16":"product-type-simple"},"yoast_head":"<!-- This site is optimized with the Yoast SEO plugin v24.6 - https:\/\/yoast.com\/wordpress\/plugins\/seo\/ -->\n<title>Jacaranda - High Connection<\/title>\n<meta name=\"description\" content=\"De bot\u00f3n rojo intenso y grande, requiere de atenci\u00f3n permanente para que alcance una vida en florero de 16 a 20 d\u00edas. Por su caracter\u00edstico color, es apreciada en San Valent\u00edn, D\u00eda de la Mujer y el D\u00eda de la Madre.\" \/>\n<meta name=\"robots\" content=\"index, follow, max-snippet:-1, max-image-preview:large, max-video-preview:-1\" \/>\n<link rel=\"canonical\" href=\"https:\/\/highconnectionec.com\/en\/product\/jacaranda\/\" \/>\n<meta property=\"og:locale\" content=\"en_US\" \/>\n<meta property=\"og:type\" content=\"article\" \/>\n<meta property=\"og:title\" content=\"Jacaranda - High Connection\" \/>\n<meta property=\"og:description\" content=\"De bot\u00f3n rojo intenso y grande, requiere de atenci\u00f3n permanente para que alcance una vida en florero de 16 a 20 d\u00edas. Por su caracter\u00edstico color, es apreciada en San Valent\u00edn, D\u00eda de la Mujer y el D\u00eda de la Madre.\" \/>\n<meta property=\"og:url\" content=\"https:\/\/highconnectionec.com\/en\/product\/jacaranda\/\" \/>\n<meta property=\"og:site_name\" content=\"High Connection\" \/>\n<meta property=\"article:modified_time\" content=\"2025-06-18T00:28:24+00:00\" \/>\n<meta property=\"og:image\" content=\"https:\/\/highconnectionec.com\/wp-content\/uploads\/2025\/06\/JACARANDA-02.jpg\" \/>\n\t<meta property=\"og:image:width\" content=\"1120\" \/>\n\t<meta property=\"og:image:height\" content=\"1120\" \/>\n\t<meta property=\"og:image:type\" content=\"image\/jpeg\" \/>\n<meta name=\"twitter:card\" content=\"summary_large_image\" \/>\n<meta name=\"twitter:label1\" content=\"Est. reading time\" \/>\n\t<meta name=\"twitter:data1\" content=\"1 minute\" \/>\n<script type=\"application\/ld+json\" class=\"yoast-schema-graph\">{\"@context\":\"https:\/\/schema.org\",\"@graph\":[{\"@type\":\"WebPage\",\"@id\":\"https:\/\/highconnectionec.com\/producto\/jacaranda\/\",\"url\":\"https:\/\/highconnectionec.com\/producto\/jacaranda\/\",\"name\":\"Jacaranda - High Connection\",\"isPartOf\":{\"@id\":\"https:\/\/highconnectionec.com\/#website\"},\"primaryImageOfPage\":{\"@id\":\"https:\/\/highconnectionec.com\/producto\/jacaranda\/#primaryimage\"},\"image\":{\"@id\":\"https:\/\/highconnectionec.com\/producto\/jacaranda\/#primaryimage\"},\"thumbnailUrl\":\"https:\/\/highconnectionec.com\/wp-content\/uploads\/2025\/06\/JACARANDA-02.jpg\",\"datePublished\":\"2025-06-18T00:25:22+00:00\",\"dateModified\":\"2025-06-18T00:28:24+00:00\",\"description\":\"De bot\u00f3n rojo intenso y grande, requiere de atenci\u00f3n permanente para que alcance una vida en florero de 16 a 20 d\u00edas. Por su caracter\u00edstico color, es apreciada en San Valent\u00edn, D\u00eda de la Mujer y el D\u00eda de la Madre.\",\"breadcrumb\":{\"@id\":\"https:\/\/highconnectionec.com\/producto\/jacaranda\/#breadcrumb\"},\"inLanguage\":\"en-US\",\"potentialAction\":[{\"@type\":\"ReadAction\",\"target\":[\"https:\/\/highconnectionec.com\/producto\/jacaranda\/\"]}]},{\"@type\":\"ImageObject\",\"inLanguage\":\"en-US\",\"@id\":\"https:\/\/highconnectionec.com\/producto\/jacaranda\/#primaryimage\",\"url\":\"https:\/\/highconnectionec.com\/wp-content\/uploads\/2025\/06\/JACARANDA-02.jpg\",\"contentUrl\":\"https:\/\/highconnectionec.com\/wp-content\/uploads\/2025\/06\/JACARANDA-02.jpg\",\"width\":1120,\"height\":1120},{\"@type\":\"BreadcrumbList\",\"@id\":\"https:\/\/highconnectionec.com\/producto\/jacaranda\/#breadcrumb\",\"itemListElement\":[{\"@type\":\"ListItem\",\"position\":1,\"name\":\"Portada\",\"item\":\"https:\/\/highconnectionec.com\/\"},{\"@type\":\"ListItem\",\"position\":2,\"name\":\"Shop\",\"item\":\"https:\/\/highconnectionec.com\/shop\/\"},{\"@type\":\"ListItem\",\"position\":3,\"name\":\"Jacaranda\"}]},{\"@type\":\"WebSite\",\"@id\":\"https:\/\/highconnectionec.com\/#website\",\"url\":\"https:\/\/highconnectionec.com\/\",\"name\":\"High Connection Flowers\",\"description\":\"\",\"publisher\":{\"@id\":\"https:\/\/highconnectionec.com\/#organization\"},\"potentialAction\":[{\"@type\":\"SearchAction\",\"target\":{\"@type\":\"EntryPoint\",\"urlTemplate\":\"https:\/\/highconnectionec.com\/?s={search_term_string}\"},\"query-input\":{\"@type\":\"PropertyValueSpecification\",\"valueRequired\":true,\"valueName\":\"search_term_string\"}}],\"inLanguage\":\"en-US\"},{\"@type\":\"Organization\",\"@id\":\"https:\/\/highconnectionec.com\/#organization\",\"name\":\"High Connection Flowers\",\"url\":\"https:\/\/highconnectionec.com\/\",\"logo\":{\"@type\":\"ImageObject\",\"inLanguage\":\"en-US\",\"@id\":\"https:\/\/highconnectionec.com\/#\/schema\/logo\/image\/\",\"url\":\"https:\/\/highconnectionec.com\/wp-content\/uploads\/2021\/12\/02_LOGO_COLOR_HCF.svg\",\"contentUrl\":\"https:\/\/highconnectionec.com\/wp-content\/uploads\/2021\/12\/02_LOGO_COLOR_HCF.svg\",\"width\":1169,\"height\":323,\"caption\":\"High Connection Flowers\"},\"image\":{\"@id\":\"https:\/\/highconnectionec.com\/#\/schema\/logo\/image\/\"}}]}<\/script>\n<!-- \/ Yoast SEO plugin. -->","yoast_head_json":{"title":"Jacaranda - High Connection","description":"De bot\u00f3n rojo intenso y grande, requiere de atenci\u00f3n permanente para que alcance una vida en florero de 16 a 20 d\u00edas. Por su caracter\u00edstico color, es apreciada en San Valent\u00edn, D\u00eda de la Mujer y el D\u00eda de la Madre.","robots":{"index":"index","follow":"follow","max-snippet":"max-snippet:-1","max-image-preview":"max-image-preview:large","max-video-preview":"max-video-preview:-1"},"canonical":"https:\/\/highconnectionec.com\/en\/product\/jacaranda\/","og_locale":"en_US","og_type":"article","og_title":"Jacaranda - High Connection","og_description":"De bot\u00f3n rojo intenso y grande, requiere de atenci\u00f3n permanente para que alcance una vida en florero de 16 a 20 d\u00edas. Por su caracter\u00edstico color, es apreciada en San Valent\u00edn, D\u00eda de la Mujer y el D\u00eda de la Madre.","og_url":"https:\/\/highconnectionec.com\/en\/product\/jacaranda\/","og_site_name":"High Connection","article_modified_time":"2025-06-18T00:28:24+00:00","og_image":[{"width":1120,"height":1120,"url":"https:\/\/highconnectionec.com\/wp-content\/uploads\/2025\/06\/JACARANDA-02.jpg","type":"image\/jpeg"}],"twitter_card":"summary_large_image","twitter_misc":{"Est. reading time":"1 minute"},"schema":{"@context":"https:\/\/schema.org","@graph":[{"@type":"WebPage","@id":"https:\/\/highconnectionec.com\/producto\/jacaranda\/","url":"https:\/\/highconnectionec.com\/producto\/jacaranda\/","name":"Jacaranda - High Connection","isPartOf":{"@id":"https:\/\/highconnectionec.com\/#website"},"primaryImageOfPage":{"@id":"https:\/\/highconnectionec.com\/producto\/jacaranda\/#primaryimage"},"image":{"@id":"https:\/\/highconnectionec.com\/producto\/jacaranda\/#primaryimage"},"thumbnailUrl":"https:\/\/highconnectionec.com\/wp-content\/uploads\/2025\/06\/JACARANDA-02.jpg","datePublished":"2025-06-18T00:25:22+00:00","dateModified":"2025-06-18T00:28:24+00:00","description":"De bot\u00f3n rojo intenso y grande, requiere de atenci\u00f3n permanente para que alcance una vida en florero de 16 a 20 d\u00edas. Por su caracter\u00edstico color, es apreciada en San Valent\u00edn, D\u00eda de la Mujer y el D\u00eda de la Madre.","breadcrumb":{"@id":"https:\/\/highconnectionec.com\/producto\/jacaranda\/#breadcrumb"},"inLanguage":"en-US","potentialAction":[{"@type":"ReadAction","target":["https:\/\/highconnectionec.com\/producto\/jacaranda\/"]}]},{"@type":"ImageObject","inLanguage":"en-US","@id":"https:\/\/highconnectionec.com\/producto\/jacaranda\/#primaryimage","url":"https:\/\/highconnectionec.com\/wp-content\/uploads\/2025\/06\/JACARANDA-02.jpg","contentUrl":"https:\/\/highconnectionec.com\/wp-content\/uploads\/2025\/06\/JACARANDA-02.jpg","width":1120,"height":1120},{"@type":"BreadcrumbList","@id":"https:\/\/highconnectionec.com\/producto\/jacaranda\/#breadcrumb","itemListElement":[{"@type":"ListItem","position":1,"name":"Portada","item":"https:\/\/highconnectionec.com\/"},{"@type":"ListItem","position":2,"name":"Shop","item":"https:\/\/highconnectionec.com\/shop\/"},{"@type":"ListItem","position":3,"name":"Jacaranda"}]},{"@type":"WebSite","@id":"https:\/\/highconnectionec.com\/#website","url":"https:\/\/highconnectionec.com\/","name":"High Connection Flowers","description":"","publisher":{"@id":"https:\/\/highconnectionec.com\/#organization"},"potentialAction":[{"@type":"SearchAction","target":{"@type":"EntryPoint","urlTemplate":"https:\/\/highconnectionec.com\/?s={search_term_string}"},"query-input":{"@type":"PropertyValueSpecification","valueRequired":true,"valueName":"search_term_string"}}],"inLanguage":"en-US"},{"@type":"Organization","@id":"https:\/\/highconnectionec.com\/#organization","name":"High Connection Flowers","url":"https:\/\/highconnectionec.com\/","logo":{"@type":"ImageObject","inLanguage":"en-US","@id":"https:\/\/highconnectionec.com\/#\/schema\/logo\/image\/","url":"https:\/\/highconnectionec.com\/wp-content\/uploads\/2021\/12\/02_LOGO_COLOR_HCF.svg","contentUrl":"https:\/\/highconnectionec.com\/wp-content\/uploads\/2021\/12\/02_LOGO_COLOR_HCF.svg","width":1169,"height":323,"caption":"High Connection Flowers"},"image":{"@id":"https:\/\/highconnectionec.com\/#\/schema\/logo\/image\/"}}]}},"_links":{"self":[{"href":"https:\/\/highconnectionec.com\/en\/wp-json\/wp\/v2\/product\/1004531","targetHints":{"allow":["GET"]}}],"collection":[{"href":"https:\/\/highconnectionec.com\/en\/wp-json\/wp\/v2\/product"}],"about":[{"href":"https:\/\/highconnectionec.com\/en\/wp-json\/wp\/v2\/types\/product"}],"replies":[{"embeddable":true,"href":"https:\/\/highconnectionec.com\/en\/wp-json\/wp\/v2\/comments?post=1004531"}],"version-history":[{"count":2,"href":"https:\/\/highconnectionec.com\/en\/wp-json\/wp\/v2\/product\/1004531\/revisions"}],"predecessor-version":[{"id":1004537,"href":"https:\/\/highconnectionec.com\/en\/wp-json\/wp\/v2\/product\/1004531\/revisions\/1004537"}],"wp:featuredmedia":[{"embeddable":true,"href":"https:\/\/highconnectionec.com\/en\/wp-json\/wp\/v2\/media\/1004533"}],"wp:attachment":[{"href":"https:\/\/highconnectionec.com\/en\/wp-json\/wp\/v2\/media?parent=1004531"}],"wp:term":[{"taxonomy":"product_brand","embeddable":true,"href":"https:\/\/highconnectionec.com\/en\/wp-json\/wp\/v2\/product_brand?post=1004531"},{"taxonomy":"product_cat","embeddable":true,"href":"https:\/\/highconnectionec.com\/en\/wp-json\/wp\/v2\/product_cat?post=1004531"},{"taxonomy":"product_tag","embeddable":true,"href":"https:\/\/highconnectionec.com\/en\/wp-json\/wp\/v2\/product_tag?post=1004531"}],"curies":[{"name":"wp","href":"https:\/\/api.w.org\/{rel}","templated":true}]}}